{"id":788,"date":"2021-04-21T19:31:43","date_gmt":"2021-04-21T19:31:43","guid":{"rendered":"https:\/\/informe.facmed.unam.mx\/?page_id=788"},"modified":"2021-04-23T16:04:46","modified_gmt":"2021-04-23T16:04:46","slug":"seguimiento-de-egresados","status":"publish","type":"page","link":"https:\/\/informe.facmed.unam.mx\/index.php\/seguimiento-de-egresados\/","title":{"rendered":"Seguimiento de Egresados"},"content":{"rendered":"<p>[et_pb_section fb_built=\u00bb1&#8243; _builder_version=\u00bb4.9.3&#8243; background_image=\u00bbhttps:\/\/informe.facmed.unam.mx\/wp-content\/uploads\/2021\/04\/surgery-1807541_1920.jpeg\u00bb parallax=\u00bbon\u00bb custom_margin=\u00bb0px||0px||false|false\u00bb custom_padding=\u00bb0px||0px||false|false\u00bb][et_pb_row column_structure=\u00bb1_2,1_2&#8243; custom_padding_last_edited=\u00bbon|phone\u00bb _builder_version=\u00bb4.9.3&#8243; background_image=\u00bbhttps:\/\/informe.facmed.unam.mx\/wp-content\/uploads\/2021\/04\/fontria-2.png\u00bb width=\u00bb100%\u00bb max_width=\u00bb2560px\u00bb custom_padding=\u00bb||169px|||\u00bb custom_padding_tablet=\u00bb\u00bb custom_padding_phone=\u00bb||50px||false|false\u00bb hover_enabled=\u00bb0&#8243; sticky_enabled=\u00bb0&#8243; background_last_edited=\u00bbon|phone\u00bb title_text=\u00bbIdentidad Informe 2020_2&#8243; background_image_phone=\u00bbhttps:\/\/informe.facmed.unam.mx\/wp-content\/uploads\/2021\/04\/Identidad-Informe-2020_2-3.png\u00bb background_enable_image_phone=\u00bbon\u00bb][et_pb_column type=\u00bb1_2&#8243; _builder_version=\u00bb4.9.3&#8243;][et_pb_text _builder_version=\u00bb4.9.3&#8243; header_font=\u00bbMontserrat|800|||||||\u00bb header_text_align=\u00bbleft\u00bb header_text_color=\u00bb#FFFFFF\u00bb header_font_size=\u00bb47px\u00bb text_orientation=\u00bbright\u00bb custom_margin=\u00bb15%|||20%|false|false\u00bb custom_margin_tablet=\u00bb\u00bb custom_margin_phone=\u00bb15%|||10%|false|false\u00bb custom_margin_last_edited=\u00bbon|phone\u00bb header_font_size_tablet=\u00bb\u00bb header_font_size_phone=\u00bb36px\u00bb header_font_size_last_edited=\u00bbon|phone\u00bb]<\/p>\n<h1><b>Seguimiento de egresados <\/b><\/h1>\n<p>[\/et_pb_text][et_pb_text _builder_version=\u00bb4.9.3&#8243; text_font=\u00bbMontserrat||||||||\u00bb text_text_color=\u00bb#e09900&#8243; text_letter_spacing=\u00bb13px\u00bb header_font=\u00bbMontserrat|700|||||||\u00bb header_text_align=\u00bbleft\u00bb header_text_color=\u00bb#EDF000&#8243; header_font_size=\u00bb47px\u00bb custom_margin=\u00bb-20px|||20%|false|false\u00bb custom_margin_tablet=\u00bb\u00bb custom_margin_phone=\u00bb-20px|||10%|false|false\u00bb custom_margin_last_edited=\u00bbon|phone\u00bb custom_padding=\u00bb0px||||false|false\u00bb]<\/p>\n<p>NUMERALIA 2020-2021<\/p>\n<p>[\/et_pb_text][\/et_pb_column][et_pb_column type=\u00bb1_2&#8243; _builder_version=\u00bb4.9.3&#8243;][\/et_pb_column][\/et_pb_row][\/et_pb_section][et_pb_section fb_built=\u00bb1&#8243; _builder_version=\u00bb4.9.3&#8243; background_color=\u00bb#FFFFFF\u00bb background_enable_image=\u00bboff\u00bb parallax=\u00bbon\u00bb custom_padding=\u00bb||16px|||\u00bb][et_pb_row _builder_version=\u00bb4.9.3&#8243; _module_preset=\u00bbdefault\u00bb][et_pb_column type=\u00bb4_4&#8243; _builder_version=\u00bb4.9.3&#8243; _module_preset=\u00bbdefault\u00bb][et_pb_text _builder_version=\u00bb4.9.3&#8243; text_font=\u00bbMontserrat|600|||||||\u00bb text_text_color=\u00bb#1B2B54&#8243; text_font_size=\u00bb21px\u00bb header_text_color=\u00bb#8A5D17&#8243; text_orientation=\u00bbcenter\u00bb custom_margin=\u00bb||-16px|||\u00bb]<\/p>\n<p>Incorporaci\u00f3n de egresados a estudios de posgrado, seg\u00fan tipo de estudios\u00a0<\/p>\n<p>[\/et_pb_text][\/et_pb_column][\/et_pb_row][et_pb_row column_structure=\u00bb1_2,1_2&#8243; _builder_version=\u00bb4.9.3&#8243; _module_preset=\u00bbdefault\u00bb][et_pb_column type=\u00bb1_2&#8243; _builder_version=\u00bb4.9.3&#8243; _module_preset=\u00bbdefault\u00bb][et_pb_counters _builder_version=\u00bb4.9.3&#8243; _module_preset=\u00bbdefault\u00bb][et_pb_counter percent=\u00bb24.4&#8243; bar_background_color=\u00bb#FCC028&#8243; _builder_version=\u00bb4.9.3&#8243; _module_preset=\u00bbdefault\u00bb title_font=\u00bb|600|||||||\u00bb title_font_size=\u00bb20px\u00bb background_enable_color_default=\u00bbon\u00bb parallax_default=\u00bboff\u00bb parallax_method_default=\u00bbon\u00bb bar_background_color_default=\u00bb#7EBEC5&#8243; use_percentages=\u00bbon\u00bb allow_player_pause_default=\u00bboff\u00bb]Residencia M\u00e9dica[\/et_pb_counter][et_pb_counter percent=\u00bb8.2&#8243; bar_background_color=\u00bb#FC6900&#8243; _builder_version=\u00bb4.9.3&#8243; _module_preset=\u00bbdefault\u00bb title_font=\u00bb|600|||||||\u00bb title_font_size=\u00bb20px\u00bb background_enable_color_default=\u00bbon\u00bb parallax_default=\u00bboff\u00bb parallax_method_default=\u00bbon\u00bb bar_background_color_default=\u00bb#7EBEC5&#8243; use_percentages=\u00bbon\u00bb allow_player_pause_default=\u00bboff\u00bb]Otro Posgrado[\/et_pb_counter][et_pb_counter percent=\u00bb67.4&#8243; bar_background_color=\u00bb#1B2B54&#8243; _builder_version=\u00bb4.9.3&#8243; _module_preset=\u00bbdefault\u00bb title_font=\u00bb|600|||||||\u00bb title_font_size=\u00bb20px\u00bb background_enable_color_default=\u00bbon\u00bb parallax_default=\u00bboff\u00bb parallax_method_default=\u00bbon\u00bb bar_background_color_default=\u00bb#7EBEC5&#8243; use_percentages=\u00bbon\u00bb allow_player_pause_default=\u00bboff\u00bb]Ninguno[\/et_pb_counter][\/et_pb_counters][\/et_pb_column][et_pb_column type=\u00bb1_2&#8243; _builder_version=\u00bb4.9.3&#8243; _module_preset=\u00bbdefault\u00bb][et_pb_number_counter title=\u00bbTOTAL \u00bb number=\u00bb973&#8243; percent_sign=\u00bboff\u00bb _builder_version=\u00bb4.9.3&#8243; title_font=\u00bb|600|||||||\u00bb title_text_color=\u00bb#3f3f3f\u00bb title_font_size=\u00bb26px\u00bb number_font=\u00bb|700|||||||\u00bb number_text_color=\u00bb#1B2B54&#8243; number_font_size=\u00bb50px\u00bb background_image=\u00bbhttps:\/\/informe.facmed.unam.mx\/wp-content\/uploads\/2021\/04\/fm-copia-1.png\u00bb background_size=\u00bbcontain\u00bb custom_margin=\u00bb0px||0px||false|false\u00bb custom_padding=\u00bb50px|20px|50px|20px|false|false\u00bb][\/et_pb_number_counter][\/et_pb_column][\/et_pb_row][et_pb_row _builder_version=\u00bb4.9.3&#8243; _module_preset=\u00bbdefault\u00bb][et_pb_column type=\u00bb4_4&#8243; _builder_version=\u00bb4.9.3&#8243; _module_preset=\u00bbdefault\u00bb][et_pb_text _builder_version=\u00bb4.9.3&#8243; text_font=\u00bbMontserrat|600|||||||\u00bb text_text_color=\u00bb#1B2B54&#8243; text_font_size=\u00bb21px\u00bb header_text_color=\u00bb#8A5D17&#8243; text_orientation=\u00bbcenter\u00bb custom_margin=\u00bb||-16px|||\u00bb]<\/p>\n<p>Incorporaci\u00f3n de egresados a estudios de posgrado, seg\u00fan sexo<\/p>\n<p>[\/et_pb_text][\/et_pb_column][\/et_pb_row][et_pb_row column_structure=\u00bb1_3,1_3,1_3&#8243; _builder_version=\u00bb4.9.3&#8243; _module_preset=\u00bbdefault\u00bb][et_pb_column type=\u00bb1_3&#8243; _builder_version=\u00bb4.9.3&#8243; _module_preset=\u00bbdefault\u00bb][et_pb_text _builder_version=\u00bb4.9.3&#8243; text_font=\u00bbMontserrat|600|||||||\u00bb text_text_color=\u00bb#162B3C\u00bb header_text_color=\u00bb#8A5D17&#8243; text_orientation=\u00bbcenter\u00bb custom_margin=\u00bb||||false|false\u00bb]<\/p>\n<p>Residencia m\u00e9dica<\/p>\n<p>[\/et_pb_text][et_pb_counters _builder_version=\u00bb4.9.3&#8243; _module_preset=\u00bbdefault\u00bb][et_pb_counter percent=\u00bb54&#8243; bar_background_color=\u00bb#1B2B54&#8243; _builder_version=\u00bb4.9.3&#8243; _module_preset=\u00bbdefault\u00bb title_font=\u00bb|600|||||||\u00bb title_text_color=\u00bb#1B2B54&#8243; title_font_size=\u00bb14px\u00bb background_enable_color_default=\u00bbon\u00bb parallax_default=\u00bboff\u00bb parallax_method_default=\u00bbon\u00bb bar_background_color_default=\u00bb#7EBEC5&#8243; use_percentages=\u00bbon\u00bb allow_player_pause_default=\u00bboff\u00bb]Mujeres  129[\/et_pb_counter][et_pb_counter percent=\u00bb46&#8243; bar_background_color=\u00bb#4F99D6&#8243; _builder_version=\u00bb4.9.3&#8243; _module_preset=\u00bbdefault\u00bb title_font=\u00bb|600|||||||\u00bb title_text_color=\u00bb#1B2B54&#8243; title_font_size=\u00bb14px\u00bb background_enable_color_default=\u00bbon\u00bb parallax_default=\u00bboff\u00bb parallax_method_default=\u00bbon\u00bb bar_background_color_default=\u00bb#7EBEC5&#8243; use_percentages=\u00bbon\u00bb allow_player_pause_default=\u00bboff\u00bb]Hombres  109[\/et_pb_counter][\/et_pb_counters][\/et_pb_column][et_pb_column type=\u00bb1_3&#8243; _builder_version=\u00bb4.9.3&#8243; _module_preset=\u00bbdefault\u00bb][et_pb_text _builder_version=\u00bb4.9.3&#8243; text_font=\u00bbMontserrat|600|||||||\u00bb text_text_color=\u00bb#162B3C\u00bb header_text_color=\u00bb#8A5D17&#8243; text_orientation=\u00bbcenter\u00bb custom_margin=\u00bb||||false|false\u00bb]<\/p>\n<p>Otro posgrado<\/p>\n<p>[\/et_pb_text][et_pb_counters _builder_version=\u00bb4.9.3&#8243; _module_preset=\u00bbdefault\u00bb][et_pb_counter percent=\u00bb50&#8243; bar_background_color=\u00bb#1B2B54&#8243; _builder_version=\u00bb4.9.3&#8243; _module_preset=\u00bbdefault\u00bb title_font=\u00bb|600|||||||\u00bb title_text_color=\u00bb#1B2B54&#8243; title_font_size=\u00bb14px\u00bb background_enable_color_default=\u00bbon\u00bb parallax_default=\u00bboff\u00bb parallax_method_default=\u00bbon\u00bb bar_background_color_default=\u00bb#7EBEC5&#8243; use_percentages=\u00bbon\u00bb allow_player_pause_default=\u00bboff\u00bb]Mujeres  39[\/et_pb_counter][et_pb_counter percent=\u00bb50&#8243; bar_background_color=\u00bb#4F99D6&#8243; _builder_version=\u00bb4.9.3&#8243; _module_preset=\u00bbdefault\u00bb title_font=\u00bb|600|||||||\u00bb title_text_color=\u00bb#1B2B54&#8243; title_font_size=\u00bb14px\u00bb background_enable_color_default=\u00bbon\u00bb parallax_default=\u00bboff\u00bb parallax_method_default=\u00bbon\u00bb bar_background_color_default=\u00bb#7EBEC5&#8243; use_percentages=\u00bbon\u00bb allow_player_pause_default=\u00bboff\u00bb]Hombres  39[\/et_pb_counter][\/et_pb_counters][\/et_pb_column][et_pb_column type=\u00bb1_3&#8243; _builder_version=\u00bb4.9.3&#8243; _module_preset=\u00bbdefault\u00bb][et_pb_text _builder_version=\u00bb4.9.3&#8243; text_font=\u00bbMontserrat|600|||||||\u00bb text_text_color=\u00bb#162B3C\u00bb header_text_color=\u00bb#8A5D17&#8243; text_orientation=\u00bbcenter\u00bb custom_margin=\u00bb||||false|false\u00bb]<\/p>\n<p>Ninguno<\/p>\n<p>[\/et_pb_text][et_pb_counters _builder_version=\u00bb4.9.3&#8243; _module_preset=\u00bbdefault\u00bb][et_pb_counter percent=\u00bb64&#8243; bar_background_color=\u00bb#1B2B54&#8243; _builder_version=\u00bb4.9.3&#8243; _module_preset=\u00bbdefault\u00bb title_font=\u00bb|600|||||||\u00bb title_text_color=\u00bb#1B2B54&#8243; title_font_size=\u00bb14px\u00bb background_enable_color_default=\u00bbon\u00bb parallax_default=\u00bboff\u00bb parallax_method_default=\u00bbon\u00bb bar_background_color_default=\u00bb#7EBEC5&#8243; use_percentages=\u00bbon\u00bb allow_player_pause_default=\u00bboff\u00bb]Mujeres  422[\/et_pb_counter][et_pb_counter percent=\u00bb46&#8243; bar_background_color=\u00bb#4F99D6&#8243; _builder_version=\u00bb4.9.3&#8243; _module_preset=\u00bbdefault\u00bb title_font=\u00bb|600|||||||\u00bb title_text_color=\u00bb#1B2B54&#8243; title_font_size=\u00bb14px\u00bb background_enable_color_default=\u00bbon\u00bb parallax_default=\u00bboff\u00bb parallax_method_default=\u00bbon\u00bb bar_background_color_default=\u00bb#7EBEC5&#8243; use_percentages=\u00bbon\u00bb allow_player_pause_default=\u00bboff\u00bb]Hombres  234[\/et_pb_counter][\/et_pb_counters][\/et_pb_column][\/et_pb_row][\/et_pb_section]<\/p>\n","protected":false},"excerpt":{"rendered":"<p>Seguimiento de egresados NUMERALIA 2020-2021Incorporaci\u00f3n de egresados a estudios de posgrado, seg\u00fan tipo de estudios\u00a0Residencia M\u00e9dicaOtro PosgradoNingunoIncorporaci\u00f3n de egresados a estudios de posgrado, seg\u00fan sexoResidencia m\u00e9dicaMujeres 129Hombres 109Otro posgradoMujeres 39Hombres 39NingunoMujeres 422Hombres 234<\/p>\n","protected":false},"author":1,"featured_media":0,"parent":0,"menu_order":0,"comment_status":"closed","ping_status":"closed","template":"","meta":{"_et_pb_use_builder":"on","_et_pb_old_content":"","_et_gb_content_width":"","footnotes":""},"class_list":["post-788","page","type-page","status-publish","hentry"],"jetpack_sharing_enabled":true,"_links":{"self":[{"href":"https:\/\/informe.facmed.unam.mx\/index.php\/wp-json\/wp\/v2\/pages\/788","targetHints":{"allow":["GET"]}}],"collection":[{"href":"https:\/\/informe.facmed.unam.mx\/index.php\/wp-json\/wp\/v2\/pages"}],"about":[{"href":"https:\/\/informe.facmed.unam.mx\/index.php\/wp-json\/wp\/v2\/types\/page"}],"author":[{"embeddable":true,"href":"https:\/\/informe.facmed.unam.mx\/index.php\/wp-json\/wp\/v2\/users\/1"}],"replies":[{"embeddable":true,"href":"https:\/\/informe.facmed.unam.mx\/index.php\/wp-json\/wp\/v2\/comments?post=788"}],"version-history":[{"count":11,"href":"https:\/\/informe.facmed.unam.mx\/index.php\/wp-json\/wp\/v2\/pages\/788\/revisions"}],"predecessor-version":[{"id":980,"href":"https:\/\/informe.facmed.unam.mx\/index.php\/wp-json\/wp\/v2\/pages\/788\/revisions\/980"}],"wp:attachment":[{"href":"https:\/\/informe.facmed.unam.mx\/index.php\/wp-json\/wp\/v2\/media?parent=788"}],"curies":[{"name":"wp","href":"https:\/\/api.w.org\/{rel}","templated":true}]}}